{"id":120,"date":"2021-03-24T12:55:48","date_gmt":"2021-03-24T12:55:48","guid":{"rendered":"https:\/\/tangoflow.org\/?page_id=120"},"modified":"2026-03-11T18:14:17","modified_gmt":"2026-03-11T17:14:17","slug":"tango-kurse-muenchen","status":"publish","type":"page","link":"https:\/\/tangoflow.org\/de\/tango-kurse-muenchen\/","title":{"rendered":"Kurse"},"content":{"rendered":"\n<section  id='block_607859e11cf29' class='schedule alignfull '>    \n    <div class=\"container\">\n                    <h2 class=\"schedule__section-title\">Zeitplan<\/h2>\n        \n                    <div class=\"schedule__content\"><h3 style=\"text-align: center;\">Dienstag<\/h3>\n<p style=\"text-align: center;\"><strong>19:00\u201320:15<\/strong><br \/>\n<strong>Tango Young Beginner Level \u2014 Gruppe Di<\/strong><br \/>\n<em>24. Feb \u2013 7. Juli 2026<\/em><\/p>\n<p style=\"text-align: center;\"><strong>20:15\u201321:30<\/strong><br \/>\n<strong>Tango Young Social Dancer Level<\/strong><br \/>\n<em>16. Sep 2025 \u2013 7. Juli 2026<\/em><\/p>\n<h3 style=\"text-align: center;\">Donnerstag<\/h3>\n<p style=\"text-align: center;\" data-start=\"631\" data-end=\"710\"><strong data-start=\"631\" data-end=\"646\">19:30\u201320:45<\/strong><br data-start=\"646\" data-end=\"649\" \/><strong data-start=\"649\" data-end=\"679\">Tango Young Improver Level<\/strong><br data-start=\"679\" data-end=\"682\" \/><em data-start=\"685\" data-end=\"710\">19. Feb \u2013 16. Juli 2026<\/em><\/p>\n<p style=\"text-align: center;\" data-start=\"712\" data-end=\"810\"><strong data-start=\"712\" data-end=\"727\">20:45\u201322:00<\/strong><br data-start=\"727\" data-end=\"730\" \/><strong data-start=\"730\" data-end=\"779\">Tango Young Beginner Level \u2013 Gruppe Do<\/strong><br data-start=\"779\" data-end=\"782\" \/><em data-start=\"785\" data-end=\"810\">15. Jan \u2013 11. Juni 2026<\/em><\/p>\n<\/div>\n            <\/div>\n<\/section>\n\n\n<section id='block_6078334572a82' class='image-text alignfull '> \n    <div class=\"container\">\n                    <h2 class=\"image-text__section-title\">Kurse<\/h2>\n                       \n             \n                                    <div class=\"image-text__card\">\n                        \n                                                    <figure class=\"image-text__card-image col-12 col-sm-8 col-md-8 col-lg-5 col-xxl-4\"><img loading=\"lazy\" width=\"580\" height=\"425\" src=\"https:\/\/tangoflow.org\/wp-content\/uploads\/2026\/01\/Website-Classes-Section-1.png\" class=\"attachment-classes-thumb size-classes-thumb\" alt=\"Young Tango Teachers in Munich\" decoding=\"async\" srcset=\"https:\/\/tangoflow.org\/wp-content\/uploads\/2026\/01\/Website-Classes-Section-1.png 580w, https:\/\/tangoflow.org\/wp-content\/uploads\/2026\/01\/Website-Classes-Section-1-300x220.png 300w, https:\/\/tangoflow.org\/wp-content\/uploads\/2026\/01\/Website-Classes-Section-1-55x40.png 55w, https:\/\/tangoflow.org\/wp-content\/uploads\/2026\/01\/Website-Classes-Section-1-475x348.png 475w, https:\/\/tangoflow.org\/wp-content\/uploads\/2026\/01\/Website-Classes-Section-1-409x300.png 409w, https:\/\/tangoflow.org\/wp-content\/uploads\/2026\/01\/Website-Classes-Section-1-478x350.png 478w\" sizes=\"(max-width: 580px) 100vw, 580px\" \/><\/figure>\n                                                <div class=\"image-text__card-content col-12 col-sm-8 col-md-8 col-lg-7 col-xl-6\">\n                                                            <h3 class=\"image-text__text\">Anf\u00e4nger \u2013 Gruppe Donnerstag<\/h3>\n                            \n                                                            <div class=\"image-text__text\">15. Jan \u2013 11. Juni 2026 | Donnerstags 20:45\u201322:00 | TASK<br \/>\r\n<br \/>\r\nDieser Kurs ist f\u00fcr absolute Anf\u00e4nger:innen, die ihre ersten Schritte im argentinischen Tango machen. Wir erkunden Haltung, Verbindung, Musikalit\u00e4t und die Freude am gemeinsamen Gehen.<br \/>\r\nKeine Vorkenntnisse n\u00f6tig \u2013 bequeme Schuhe und Neugier reichen.<\/div>\n                                                    <\/div>\n                    <\/div>\n                                    <div class=\"image-text__card\">\n                        \n                                                    <figure class=\"image-text__card-image col-12 col-sm-8 col-md-8 col-lg-5 col-xxl-4\"><img loading=\"lazy\" width=\"580\" height=\"425\" src=\"https:\/\/tangoflow.org\/wp-content\/uploads\/2026\/01\/Website-Classes-Section-2-2.png\" class=\"attachment-classes-thumb size-classes-thumb\" alt=\"Two smiling tango dancers on a graphic for a beginner tango class in Munich.\" decoding=\"async\" srcset=\"https:\/\/tangoflow.org\/wp-content\/uploads\/2026\/01\/Website-Classes-Section-2-2.png 580w, https:\/\/tangoflow.org\/wp-content\/uploads\/2026\/01\/Website-Classes-Section-2-2-300x220.png 300w, https:\/\/tangoflow.org\/wp-content\/uploads\/2026\/01\/Website-Classes-Section-2-2-55x40.png 55w, https:\/\/tangoflow.org\/wp-content\/uploads\/2026\/01\/Website-Classes-Section-2-2-475x348.png 475w, https:\/\/tangoflow.org\/wp-content\/uploads\/2026\/01\/Website-Classes-Section-2-2-409x300.png 409w, https:\/\/tangoflow.org\/wp-content\/uploads\/2026\/01\/Website-Classes-Section-2-2-478x350.png 478w\" sizes=\"(max-width: 580px) 100vw, 580px\" \/><\/figure>\n                                                <div class=\"image-text__card-content col-12 col-sm-8 col-md-8 col-lg-7 col-xl-6\">\n                                                            <h3 class=\"image-text__text\">Anf\u00e4nger \u2013 Gruppe Dienstag<\/h3>\n                            \n                                                            <div class=\"image-text__text\">24. Feb \u2013 7. Juli 2026 | Dienstags 19:00\u201320:15 | TASK<br \/>\r\n<br \/>\r\nDieser Kurs ist f\u00fcr absolute Anf\u00e4nger:innen, die ihre ersten Schritte im argentinischen Tango machen. Wir erkunden Haltung, Verbindung, Musikalit\u00e4t und die Freude am gemeinsamen Gehen. Keine Vorkenntnisse n\u00f6tig \u2013 bequeme Schuhe und Neugier reichen.<\/div>\n                                                    <\/div>\n                    <\/div>\n                                    <div class=\"image-text__card\">\n                        \n                                                    <figure class=\"image-text__card-image col-12 col-sm-8 col-md-8 col-lg-5 col-xxl-4\"><img loading=\"lazy\" width=\"580\" height=\"425\" src=\"https:\/\/tangoflow.org\/wp-content\/uploads\/2026\/01\/Website-Classes-Section-4.png\" class=\"attachment-classes-thumb size-classes-thumb\" alt=\"Four tango teachers from Tango Flow Munich posing together for the Improvers Argentine tango course, Studio TASK.\" decoding=\"async\" srcset=\"https:\/\/tangoflow.org\/wp-content\/uploads\/2026\/01\/Website-Classes-Section-4.png 580w, https:\/\/tangoflow.org\/wp-content\/uploads\/2026\/01\/Website-Classes-Section-4-300x220.png 300w, https:\/\/tangoflow.org\/wp-content\/uploads\/2026\/01\/Website-Classes-Section-4-55x40.png 55w, https:\/\/tangoflow.org\/wp-content\/uploads\/2026\/01\/Website-Classes-Section-4-475x348.png 475w, https:\/\/tangoflow.org\/wp-content\/uploads\/2026\/01\/Website-Classes-Section-4-409x300.png 409w, https:\/\/tangoflow.org\/wp-content\/uploads\/2026\/01\/Website-Classes-Section-4-478x350.png 478w\" sizes=\"(max-width: 580px) 100vw, 580px\" \/><\/figure>\n                                                <div class=\"image-text__card-content col-12 col-sm-8 col-md-8 col-lg-7 col-xl-6\">\n                                                            <h3 class=\"image-text__text\">Improvers<\/h3>\n                            \n                                                            <div class=\"image-text__text\">19. Feb \u2013 16. Juli 2026 | Donnerstags 19:30\u201320:45 | TASK<br \/>\r\n<br \/>\r\nDieser Kurs baut auf den Beginner-Gruppen aus Herbst 2025 auf und richtet sich an T\u00e4nzer:innen mit Vorerfahrung, die Technik, Sicherheit und Improvisation vertiefen m\u00f6chten.<br \/>\r\nOffen f\u00fcr alle mit mehr als 6 Monaten Tango-Erfahrung. Mehr Infos im Bereich Events.<\/div>\n                                                    <\/div>\n                    <\/div>\n                                    <div class=\"image-text__card\">\n                        \n                                                    <figure class=\"image-text__card-image col-12 col-sm-8 col-md-8 col-lg-5 col-xxl-4\"><img loading=\"lazy\" width=\"580\" height=\"425\" src=\"https:\/\/tangoflow.org\/wp-content\/uploads\/2025\/10\/Website-Classes-Section.png\" class=\"attachment-classes-thumb size-classes-thumb\" alt=\"Social Dancer\" decoding=\"async\" srcset=\"https:\/\/tangoflow.org\/wp-content\/uploads\/2025\/10\/Website-Classes-Section.png 580w, https:\/\/tangoflow.org\/wp-content\/uploads\/2025\/10\/Website-Classes-Section-300x220.png 300w, https:\/\/tangoflow.org\/wp-content\/uploads\/2025\/10\/Website-Classes-Section-55x40.png 55w, https:\/\/tangoflow.org\/wp-content\/uploads\/2025\/10\/Website-Classes-Section-475x348.png 475w, https:\/\/tangoflow.org\/wp-content\/uploads\/2025\/10\/Website-Classes-Section-409x300.png 409w, https:\/\/tangoflow.org\/wp-content\/uploads\/2025\/10\/Website-Classes-Section-478x350.png 478w\" sizes=\"(max-width: 580px) 100vw, 580px\" \/><\/figure>\n                                                <div class=\"image-text__card-content col-12 col-sm-8 col-md-8 col-lg-7 col-xl-6\">\n                                                            <h3 class=\"image-text__text\">Social Dancers<\/h3>\n                            \n                                                            <div class=\"image-text__text\">16. Sep 2025 \u2013 7. Jul 2026 | Dienstags 20:15\u201321:30 | TASK<br \/>\r\n<br \/>\r\nF\u00fcr T\u00e4nzer:innen mit mindestens einem Jahr Erfahrung, die sich auf Milongas sicher f\u00fchlen m\u00f6chten. Im Mittelpunkt stehen Musikalit\u00e4t, Partnerkommunikation und Ausdruck \u2013 damit du frei und mit verschiedenen Partner:innen tanzen kannst.<\/div>\n                                                    <\/div>\n                    <\/div>\n                                    <div class=\"image-text__card\">\n                        \n                                                    <figure class=\"image-text__card-image col-12 col-sm-8 col-md-8 col-lg-5 col-xxl-4\"><img loading=\"lazy\" width=\"580\" height=\"425\" src=\"https:\/\/tangoflow.org\/wp-content\/uploads\/2023\/06\/5.png\" class=\"attachment-classes-thumb size-classes-thumb\" alt=\"Aneta Orlik\" decoding=\"async\" srcset=\"https:\/\/tangoflow.org\/wp-content\/uploads\/2023\/06\/5.png 580w, https:\/\/tangoflow.org\/wp-content\/uploads\/2023\/06\/5-300x220.png 300w, https:\/\/tangoflow.org\/wp-content\/uploads\/2023\/06\/5-55x40.png 55w, https:\/\/tangoflow.org\/wp-content\/uploads\/2023\/06\/5-475x348.png 475w, https:\/\/tangoflow.org\/wp-content\/uploads\/2023\/06\/5-409x300.png 409w, https:\/\/tangoflow.org\/wp-content\/uploads\/2023\/06\/5-478x350.png 478w\" sizes=\"(max-width: 580px) 100vw, 580px\" \/><\/figure>\n                                                <div class=\"image-text__card-content col-12 col-sm-8 col-md-8 col-lg-7 col-xl-6\">\n                                                            <h3 class=\"image-text__text\">Privatstunden<\/h3>\n                            \n                                                            <div class=\"image-text__text\">Datum &#038; Uhrzeit individuell vereinbart | Samstags | Maillinger Studios<br \/>\r\n<br \/>\r\nIndividuell zugeschnittene Tango-Sessions auf deine Ziele. Wir k\u00f6nnen an Haltung, Musikalit\u00e4t, Verbindung oder konkreten Figuren arbeiten. F\u00fcr Einzelpersonen oder Paare, nach Vereinbarung.<\/div>\n                                                    <\/div>\n                    <\/div>\n                                    \n    <\/div> \n<\/section>\n\n\n<section  id='block_60a4b955de085' class='plain-text alignfull '>    \n    <div class=\"container\">\n                    <h2 class=\"plain-text__section-title\">Tango-Kurse in M\u00fcnchen bei Tango Flow<\/h2>\n        \n                    <div class=\"plain-text__content\"><p>Suchst du nach Tango-Kursen in M\u00fcnchen?<br data-start=\"3879\" data-end=\"3882\" \/>Tango Flow bietet argentinischen Tango f\u00fcr Anf\u00e4nger:innen, Improver und Social Dancer in einer entspannten, modernen Atmosph\u00e4re im Herzen von M\u00fcnchen.<\/p>\n<p data-start=\"4034\" data-end=\"4195\">Du kannst mit einem Beginner-Kurs starten, ins Improver Level wechseln und sp\u00e4ter im Social Dancer Level Sicherheit, Musikalit\u00e4t und Partnerverbindung vertiefen.<\/p>\n<h3 data-start=\"4034\" data-end=\"4195\">Was du lernen kannst<\/h3>\n<p data-start=\"4034\" data-end=\"4195\">Du kannst mit einem <a href=\"https:\/\/tangoflow.org\/de\/event\/lerne-tango-tanzen-in-muenchen\/\" target=\"_blank\" rel=\"noopener\">Beginner-Kurs<\/a> starten, ins <a href=\"https:\/\/tangoflow.org\/de\/event\/verbessere-deinen-tango-in-muenchen\/\">Improver Level<\/a> wechseln und sp\u00e4ter im Social Dancer Level weiter tanzen, um Technik, Musikalit\u00e4t und Verbindung zu verfeinern.<\/p>\n<h3 data-start=\"4034\" data-end=\"4195\">F\u00fcr wen unsere Kurse sind<\/h3>\n<p>Unsere Kurse richten sich an alle, die Tango in einer freundlichen, offenen und sozialen Umgebung lernen m\u00f6chten \u2013 egal ob du ganz neu bist oder schon Tanzerfahrung hast.<\/p>\n<h3>Wo wir unterrichten<\/h3>\n<p>Unsere Tango-Kurse in M\u00fcnchen finden bei <strong data-start=\"4681\" data-end=\"4696\">TASK Studio<\/strong> und <strong data-start=\"4701\" data-end=\"4723\">Maillinger Studios<\/strong> statt.<br data-start=\"4730\" data-end=\"4733\" \/>Wir bieten au\u00dferdem Privatstunden und spezielle Queer-Tango-Kurse an.<\/p>\n<h3 data-start=\"123\" data-end=\"137\">\ud83c\udfeb Studios<\/h3>\n<p><strong>Dienstag &amp; Donnerstag <\/strong><a href=\"https:\/\/maps.app.goo.gl\/Q2zF9DfLTwiiJLVu6\">TASK | Amalienstra\u00dfe 81a |\u00a0<\/a>Im Innenhof,\u00a0 Studio im 2. Stock<br \/>\n<strong data-start=\"256\" data-end=\"291\">Privatstunden nach Vereinbarung <\/strong><a href=\"https:\/\/maps.app.goo.gl\/rhhAR3nFjwUJhdnv9\">Maillinger Studios<\/a> | Maillingerstra\u00dfe 6<\/p>\n<h3 data-start=\"290\" data-end=\"304\">\ud83d\udd52 Uhrzeit<\/h3>\n<p data-start=\"306\" data-end=\"506\">Wir m\u00fcssen die Kurse p\u00fcnktlich starten und beenden.<br data-start=\"357\" data-end=\"360\" \/>Um das Meiste aus dem Kurs herauszuholen, kommt bitte 10 Minuten vorher. So habt ihr genug Zeit, um die Schuhe zu wechseln und euch vorzubereiten.<\/p>\n<h3 data-start=\"513\" data-end=\"526\">\ud83d\udcb0 Kosten<\/h3>\n<ul data-start=\"5220\" data-end=\"5244\">\n<li data-start=\"5220\" data-end=\"5244\">\n<p data-start=\"5222\" data-end=\"5244\">Einzelstunde: <strong data-start=\"5236\" data-end=\"5244\">25 \u20ac<\/strong><\/p>\n<\/li>\n<li data-start=\"5257\" data-end=\"5303\">\n<p data-start=\"5259\" data-end=\"5303\">5er-Karte: <strong data-start=\"5270\" data-end=\"5279\">100 \u20ac<\/strong> <em data-start=\"5280\" data-end=\"5303\">(g\u00fcltig f\u00fcr 6 Wochen)<\/em><\/p>\n<\/li>\n<li data-start=\"5335\" data-end=\"5357\">\n<p data-start=\"5337\" data-end=\"5357\">Komplettkurs Regul\u00e4r: <strong data-start=\"5346\" data-end=\"5355\">345 \u20ac<\/strong><\/p>\n<\/li>\n<li data-start=\"5358\" data-end=\"5435\">\n<p data-start=\"5360\" data-end=\"5435\">Komplettkurs<strong data-start=\"5360\" data-end=\"5374\"> Early Bird<\/strong> (bei Zahlung mindestens eine Woche vor Kursstart): <strong data-start=\"5426\" data-end=\"5435\">310 \u20ac<\/strong><\/p>\n<\/li>\n<\/ul>\n<p data-start=\"5437\" data-end=\"5511\">Studierende mit g\u00fcltigem Ausweis erhalten <strong data-start=\"5479\" data-end=\"5494\">20 % Rabatt<\/strong> auf alle Preise.<\/p>\n<h3 data-start=\"1012\" data-end=\"1038\">\ud83c\udf0d Unterrichtssprachen<\/h3>\n<p data-start=\"1040\" data-end=\"1131\">Der Unterricht findet auf <strong data-start=\"1066\" data-end=\"1090\">Deutsch und Englisch<\/strong> statt \u2013 wir passen uns an die Gruppe an.<\/p>\n<h3 data-start=\"1138\" data-end=\"1154\">\ud83d\udcdd Anmeldung<\/h3>\n<p data-start=\"1156\" data-end=\"1305\">F\u00fcr den <a href=\"https:\/\/tangoflow.org\/de\/event\/lerne-tango-tanzen-in-muenchen\/\"><strong data-start=\"1255\" data-end=\"1273\">Einsteigerkurs<\/strong><\/a> erfolgt die Anmeldung \u00fcber ein <a href=\"https:\/\/docs.google.com\/forms\/d\/e\/1FAIpQLSecZAyN5nOrlmrPeV70180wDNqHPI2yZfFkynN6HgNpcVYBpA\/viewform\"><strong data-start=\"1305\" data-end=\"1324\">Online-Formular<\/strong><\/a>.<br data-start=\"1368\" data-end=\"1371\" \/>F\u00fcr alle anderen Kurse kannst du dich per E-Mail an <a class=\"cursor-pointer\" rel=\"noopener\" data-start=\"1423\" data-end=\"1472\">dance@tangoflow.org<\/a> voranmelden oder einfach zur ersten Stunde vorbeikommen.<\/p>\n<\/div>\n            <\/div>\n<\/section>","protected":false},"excerpt":{"rendered":"","protected":false},"author":1,"featured_media":659,"parent":0,"menu_order":0,"comment_status":"closed","ping_status":"closed","template":"","meta":{"nf_dc_page":"","footnotes":""},"yoast_head":"<!-- This site is optimized with the Yoast SEO plugin v21.3 - https:\/\/yoast.com\/wordpress\/plugins\/seo\/ -->\n<title>Kurse - Tango Argentino Courses in Munich<\/title>\n<meta name=\"description\" content=\"Tango Kurse in M\u00fcnchen f\u00fcr Anf\u00e4nger, Improver und Social Dancer. Lerne argentinischen Tango bei Tango Flow in entspannter, moderner Atmosph\u00e4re.\" \/>\n<meta name=\"robots\" content=\"index, follow, max-snippet:-1, max-image-preview:large, max-video-preview:-1\" \/>\n<link rel=\"canonical\" href=\"https:\/\/tangoflow.org\/de\/tango-kurse-muenchen\/\" \/>\n<meta property=\"og:locale\" content=\"de_DE\" \/>\n<meta property=\"og:type\" content=\"article\" \/>\n<meta property=\"og:title\" content=\"Kurse - Tango Argentino Courses in Munich\" \/>\n<meta property=\"og:description\" content=\"Tango Kurse in M\u00fcnchen f\u00fcr Anf\u00e4nger, Improver und Social Dancer. Lerne argentinischen Tango bei Tango Flow in entspannter, moderner Atmosph\u00e4re.\" \/>\n<meta property=\"og:url\" content=\"https:\/\/tangoflow.org\/de\/tango-kurse-muenchen\/\" \/>\n<meta property=\"og:site_name\" content=\"Tango Argentino Courses in Munich\" \/>\n<meta property=\"article:modified_time\" content=\"2026-03-11T17:14:17+00:00\" \/>\n<meta property=\"og:image\" content=\"https:\/\/tangoflow.org\/wp-content\/uploads\/2021\/05\/hero-desctop-scaled.jpg\" \/>\n\t<meta property=\"og:image:width\" content=\"2560\" \/>\n\t<meta property=\"og:image:height\" content=\"1418\" \/>\n\t<meta property=\"og:image:type\" content=\"image\/jpeg\" \/>\n<meta name=\"twitter:card\" content=\"summary_large_image\" \/>\n<script type=\"application\/ld+json\" class=\"yoast-schema-graph\">{\"@context\":\"https:\/\/schema.org\",\"@graph\":[{\"@type\":\"WebPage\",\"@id\":\"https:\/\/tangoflow.org\/de\/tango-kurse-muenchen\/\",\"url\":\"https:\/\/tangoflow.org\/de\/tango-kurse-muenchen\/\",\"name\":\"Kurse - Tango Argentino Courses in Munich\",\"isPartOf\":{\"@id\":\"https:\/\/tangoflow.org\/de\/#website\"},\"datePublished\":\"2021-03-24T12:55:48+00:00\",\"dateModified\":\"2026-03-11T17:14:17+00:00\",\"description\":\"Tango Kurse in M\u00fcnchen f\u00fcr Anf\u00e4nger, Improver und Social Dancer. Lerne argentinischen Tango bei Tango Flow in entspannter, moderner Atmosph\u00e4re.\",\"breadcrumb\":{\"@id\":\"https:\/\/tangoflow.org\/de\/tango-kurse-muenchen\/#breadcrumb\"},\"inLanguage\":\"de-DE\",\"potentialAction\":[{\"@type\":\"ReadAction\",\"target\":[\"https:\/\/tangoflow.org\/de\/tango-kurse-muenchen\/\"]}]},{\"@type\":\"BreadcrumbList\",\"@id\":\"https:\/\/tangoflow.org\/de\/tango-kurse-muenchen\/#breadcrumb\",\"itemListElement\":[{\"@type\":\"ListItem\",\"position\":1,\"name\":\"Home\",\"item\":\"https:\/\/tangoflow.org\/de\/\"},{\"@type\":\"ListItem\",\"position\":2,\"name\":\"Kurse\"}]},{\"@type\":\"WebSite\",\"@id\":\"https:\/\/tangoflow.org\/de\/#website\",\"url\":\"https:\/\/tangoflow.org\/de\/\",\"name\":\"tangoflow\",\"description\":\"Private and group classes in Munich. Tango courses with young, professional teachers.\",\"publisher\":{\"@id\":\"https:\/\/tangoflow.org\/de\/#\/schema\/person\/2d4dc8d0976f4e60c37bd9ffcefb5bcb\"},\"potentialAction\":[{\"@type\":\"SearchAction\",\"target\":{\"@type\":\"EntryPoint\",\"urlTemplate\":\"https:\/\/tangoflow.org\/de\/?s={search_term_string}\"},\"query-input\":\"required name=search_term_string\"}],\"inLanguage\":\"de-DE\"},{\"@type\":[\"Person\",\"Organization\"],\"@id\":\"https:\/\/tangoflow.org\/de\/#\/schema\/person\/2d4dc8d0976f4e60c37bd9ffcefb5bcb\",\"name\":\"Aneta Orlik\",\"image\":{\"@type\":\"ImageObject\",\"inLanguage\":\"de-DE\",\"@id\":\"https:\/\/tangoflow.org\/de\/#\/schema\/person\/image\/\",\"url\":\"https:\/\/secure.gravatar.com\/avatar\/967a05a6e4fa3318cff28b1493de71ef?s=96&d=mm&r=g\",\"contentUrl\":\"https:\/\/secure.gravatar.com\/avatar\/967a05a6e4fa3318cff28b1493de71ef?s=96&d=mm&r=g\",\"caption\":\"Aneta Orlik\"},\"logo\":{\"@id\":\"https:\/\/tangoflow.org\/de\/#\/schema\/person\/image\/\"}}]}<\/script>\n<!-- \/ Yoast SEO plugin. -->","yoast_head_json":{"title":"Kurse - Tango Argentino Courses in Munich","description":"Tango Kurse in M\u00fcnchen f\u00fcr Anf\u00e4nger, Improver und Social Dancer. Lerne argentinischen Tango bei Tango Flow in entspannter, moderner Atmosph\u00e4re.","robots":{"index":"index","follow":"follow","max-snippet":"max-snippet:-1","max-image-preview":"max-image-preview:large","max-video-preview":"max-video-preview:-1"},"canonical":"https:\/\/tangoflow.org\/de\/tango-kurse-muenchen\/","og_locale":"de_DE","og_type":"article","og_title":"Kurse - Tango Argentino Courses in Munich","og_description":"Tango Kurse in M\u00fcnchen f\u00fcr Anf\u00e4nger, Improver und Social Dancer. Lerne argentinischen Tango bei Tango Flow in entspannter, moderner Atmosph\u00e4re.","og_url":"https:\/\/tangoflow.org\/de\/tango-kurse-muenchen\/","og_site_name":"Tango Argentino Courses in Munich","article_modified_time":"2026-03-11T17:14:17+00:00","og_image":[{"width":2560,"height":1418,"url":"https:\/\/tangoflow.org\/wp-content\/uploads\/2021\/05\/hero-desctop-scaled.jpg","type":"image\/jpeg"}],"twitter_card":"summary_large_image","schema":{"@context":"https:\/\/schema.org","@graph":[{"@type":"WebPage","@id":"https:\/\/tangoflow.org\/de\/tango-kurse-muenchen\/","url":"https:\/\/tangoflow.org\/de\/tango-kurse-muenchen\/","name":"Kurse - Tango Argentino Courses in Munich","isPartOf":{"@id":"https:\/\/tangoflow.org\/de\/#website"},"datePublished":"2021-03-24T12:55:48+00:00","dateModified":"2026-03-11T17:14:17+00:00","description":"Tango Kurse in M\u00fcnchen f\u00fcr Anf\u00e4nger, Improver und Social Dancer. Lerne argentinischen Tango bei Tango Flow in entspannter, moderner Atmosph\u00e4re.","breadcrumb":{"@id":"https:\/\/tangoflow.org\/de\/tango-kurse-muenchen\/#breadcrumb"},"inLanguage":"de-DE","potentialAction":[{"@type":"ReadAction","target":["https:\/\/tangoflow.org\/de\/tango-kurse-muenchen\/"]}]},{"@type":"BreadcrumbList","@id":"https:\/\/tangoflow.org\/de\/tango-kurse-muenchen\/#breadcrumb","itemListElement":[{"@type":"ListItem","position":1,"name":"Home","item":"https:\/\/tangoflow.org\/de\/"},{"@type":"ListItem","position":2,"name":"Kurse"}]},{"@type":"WebSite","@id":"https:\/\/tangoflow.org\/de\/#website","url":"https:\/\/tangoflow.org\/de\/","name":"tangoflow","description":"Private and group classes in Munich. Tango courses with young, professional teachers.","publisher":{"@id":"https:\/\/tangoflow.org\/de\/#\/schema\/person\/2d4dc8d0976f4e60c37bd9ffcefb5bcb"},"potentialAction":[{"@type":"SearchAction","target":{"@type":"EntryPoint","urlTemplate":"https:\/\/tangoflow.org\/de\/?s={search_term_string}"},"query-input":"required name=search_term_string"}],"inLanguage":"de-DE"},{"@type":["Person","Organization"],"@id":"https:\/\/tangoflow.org\/de\/#\/schema\/person\/2d4dc8d0976f4e60c37bd9ffcefb5bcb","name":"Aneta Orlik","image":{"@type":"ImageObject","inLanguage":"de-DE","@id":"https:\/\/tangoflow.org\/de\/#\/schema\/person\/image\/","url":"https:\/\/secure.gravatar.com\/avatar\/967a05a6e4fa3318cff28b1493de71ef?s=96&d=mm&r=g","contentUrl":"https:\/\/secure.gravatar.com\/avatar\/967a05a6e4fa3318cff28b1493de71ef?s=96&d=mm&r=g","caption":"Aneta Orlik"},"logo":{"@id":"https:\/\/tangoflow.org\/de\/#\/schema\/person\/image\/"}}]}},"_links":{"self":[{"href":"https:\/\/tangoflow.org\/de\/wp-json\/wp\/v2\/pages\/120"}],"collection":[{"href":"https:\/\/tangoflow.org\/de\/wp-json\/wp\/v2\/pages"}],"about":[{"href":"https:\/\/tangoflow.org\/de\/wp-json\/wp\/v2\/types\/page"}],"author":[{"embeddable":true,"href":"https:\/\/tangoflow.org\/de\/wp-json\/wp\/v2\/users\/1"}],"replies":[{"embeddable":true,"href":"https:\/\/tangoflow.org\/de\/wp-json\/wp\/v2\/comments?post=120"}],"version-history":[{"count":5,"href":"https:\/\/tangoflow.org\/de\/wp-json\/wp\/v2\/pages\/120\/revisions"}],"predecessor-version":[{"id":3418,"href":"https:\/\/tangoflow.org\/de\/wp-json\/wp\/v2\/pages\/120\/revisions\/3418"}],"wp:featuredmedia":[{"embeddable":true,"href":"https:\/\/tangoflow.org\/de\/wp-json\/wp\/v2\/media\/659"}],"wp:attachment":[{"href":"https:\/\/tangoflow.org\/de\/wp-json\/wp\/v2\/media?parent=120"}],"curies":[{"name":"wp","href":"https:\/\/api.w.org\/{rel}","templated":true}]}}